{"id":677,"date":"2022-08-01T13:58:00","date_gmt":"2022-08-01T13:58:00","guid":{"rendered":"https:\/\/comitefechadocicloseconomicos.mx\/comunicados\/"},"modified":"2025-05-22T16:33:34","modified_gmt":"2025-05-22T16:33:34","slug":"comunicados","status":"publish","type":"page","link":"https:\/\/comitefechadocicloseconomicos.mx\/en\/comunicados\/","title":{"rendered":"Comunicados"},"content":{"rendered":"\n\n\t\t\t<h3>Comunicados<\/h3>\t\t\t\n\t\t\t\t<img decoding=\"async\" src=\"https:\/\/comitefechadocicloseconomicos.mx\/wp-content\/plugins\/bb-plugin\/img\/pixel.png\" alt=\"\" itemprop=\"image\" onerror=\"this.style.display='none'\"  \/>\n\t\t\t\t<p>Descargar comunicado \/ Mayo 2025<\/p>\n\t\t\t<a href=\"https:\/\/comitefechadocicloseconomicos.mx\/wp-content\/uploads\/2025\/05\/comunicado_02_CFCEM-210525-1.pdf\" title=\"Click Here\" target=\"_self\"   role=\"button\" aria-label=\"Comunicado n\u00famero 2 - mayo 2025\">\n\t\t\t\t\t\t\tComunicado n\u00famero 2 &#8211; mayo 2025\n\t\t<\/a>\n\t\t\t<h3>Febrero de 2025.<\/h3>\t\t\t\n\t\t\t\t<p>El <strong data-start=\"88\" data-end=\"152\">Comit\u00e9 de Fechado de Ciclos de la Econom\u00eda de M\u00e9xico (CFCEM)<\/strong> s\u00f3lo se pronuncia sobre los <strong data-start=\"181\" data-end=\"199\">puntos de giro<\/strong> hasta contar con <strong data-start=\"217\" data-end=\"237\">evidencia s\u00f3lida<\/strong>, a partir de <strong data-start=\"251\" data-end=\"277\">informaci\u00f3n definitiva<\/strong>. En cuanto se disponga de <strong data-start=\"304\" data-end=\"329\">elementos suficientes<\/strong> para la <strong data-start=\"338\" data-end=\"381\">determinaci\u00f3n de un nuevo punto de giro<\/strong> que marque el <strong data-start=\"396\" data-end=\"450\">fin de la fase expansiva iniciada en junio de 2020<\/strong>, el Comit\u00e9 emitir\u00e1 la <strong data-start=\"473\" data-end=\"506\">determinaci\u00f3n correspondiente<\/strong>. En tanto eso ocurre, de conformidad con sus <strong data-start=\"552\" data-end=\"575\">Reglas de Operaci\u00f3n<\/strong>, el CFCEM se abstendr\u00e1 de realizar <strong data-start=\"611\" data-end=\"698\">especulaciones o pronunciamientos sobre la coyuntura actual de la econom\u00eda mexicana<\/strong>.<\/p>\n\t\t\t\t<p>Descargar comunicado \/ Agosto 2022<\/p>\n\t\t\t<a href=\"https:\/\/comitefechadocicloseconomicos.mx\/wp-content\/uploads\/2022\/08\/Reporte_CFCEM.pdf\" title=\"Click Here\" target=\"_self\"   role=\"button\" aria-label=\"Comunicado n\u00famero 1 - 2 agosto 2022\">\n\t\t\t\t\t\t\tComunicado n\u00famero 1 &#8211; 2 agosto 2022\n\t\t<\/a>\n\n","protected":false},"excerpt":{"rendered":"<p>Comunicados Descargar comunicado \/ Mayo 2025 Comunicado n\u00famero 2 &#8211; mayo 2025 Febrero de 2025. El Comit\u00e9 de Fechado de Ciclos de la Econom\u00eda de M\u00e9xico (CFCEM) s\u00f3lo se pronuncia sobre los puntos de giro hasta contar con evidencia s\u00f3lida, a partir de informaci\u00f3n definitiva. En cuanto se disponga de elementos suficientes para la determinaci\u00f3n [&hellip;]<\/p>\n","protected":false},"author":2,"featured_media":0,"parent":0,"menu_order":0,"comment_status":"closed","ping_status":"closed","template":"","meta":{"site-sidebar-layout":"default","site-content-layout":"","ast-site-content-layout":"default","site-content-style":"default","site-sidebar-style":"default","ast-global-header-display":"","ast-banner-title-visibility":"","ast-main-header-display":"","ast-hfb-above-header-display":"","ast-hfb-below-header-display":"","ast-hfb-mobile-header-display":"","site-post-title":"disabled","ast-breadcrumbs-content":"","ast-featured-img":"","footer-sml-layout":"","ast-disable-related-posts":"","theme-transparent-header-meta":"","adv-header-id-meta":"","stick-header-meta":"","header-above-stick-meta":"","header-main-stick-meta":"","header-below-stick-meta":"","astra-migrate-meta-layouts":"set","ast-page-background-enabled":"default","ast-page-background-meta":{"desktop":{"background-color":"","background-image":"","background-repeat":"repeat","background-position":"center center","background-size":"auto","background-attachment":"scroll","background-type":"","background-media":"","overlay-type":"","overlay-color":"","overlay-gradient":""},"tablet":{"background-color":"","background-image":"","background-repeat":"repeat","background-position":"center center","background-size":"auto","background-attachment":"scroll","background-type":"","background-media":"","overlay-type":"","overlay-color":"","overlay-gradient":""},"mobile":{"background-color":"","background-image":"","background-repeat":"repeat","background-position":"center center","background-size":"auto","background-attachment":"scroll","background-type":"","background-media":"","overlay-type":"","overlay-color":"","overlay-gradient":""}},"ast-content-background-meta":{"desktop":{"background-color":"var(--ast-global-color-5)","background-image":"","background-repeat":"repeat","background-position":"center center","background-size":"auto","background-attachment":"scroll","background-type":"","background-media":"","overlay-type":"","overlay-color":"","overlay-gradient":""},"tablet":{"background-color":"var(--ast-global-color-5)","background-image":"","background-repeat":"repeat","background-position":"center center","background-size":"auto","background-attachment":"scroll","background-type":"","background-media":"","overlay-type":"","overlay-color":"","overlay-gradient":""},"mobile":{"background-color":"var(--ast-global-color-5)","background-image":"","background-repeat":"repeat","background-position":"center center","background-size":"auto","background-attachment":"scroll","background-type":"","background-media":"","overlay-type":"","overlay-color":"","overlay-gradient":""}},"footnotes":""},"class_list":["post-677","page","type-page","status-publish","hentry"],"_links":{"self":[{"href":"https:\/\/comitefechadocicloseconomicos.mx\/en\/wp-json\/wp\/v2\/pages\/677","targetHints":{"allow":["GET"]}}],"collection":[{"href":"https:\/\/comitefechadocicloseconomicos.mx\/en\/wp-json\/wp\/v2\/pages"}],"about":[{"href":"https:\/\/comitefechadocicloseconomicos.mx\/en\/wp-json\/wp\/v2\/types\/page"}],"author":[{"embeddable":true,"href":"https:\/\/comitefechadocicloseconomicos.mx\/en\/wp-json\/wp\/v2\/users\/2"}],"replies":[{"embeddable":true,"href":"https:\/\/comitefechadocicloseconomicos.mx\/en\/wp-json\/wp\/v2\/comments?post=677"}],"version-history":[{"count":11,"href":"https:\/\/comitefechadocicloseconomicos.mx\/en\/wp-json\/wp\/v2\/pages\/677\/revisions"}],"predecessor-version":[{"id":776,"href":"https:\/\/comitefechadocicloseconomicos.mx\/en\/wp-json\/wp\/v2\/pages\/677\/revisions\/776"}],"wp:attachment":[{"href":"https:\/\/comitefechadocicloseconomicos.mx\/en\/wp-json\/wp\/v2\/media?parent=677"}],"curies":[{"name":"wp","href":"https:\/\/api.w.org\/{rel}","templated":true}]}}