{"id":683,"date":"2022-05-03T19:41:25","date_gmt":"2022-05-03T19:41:25","guid":{"rendered":"https:\/\/comitefechadocicloseconomicos.mx\/integrantes-comite\/"},"modified":"2025-05-21T15:55:33","modified_gmt":"2025-05-21T15:55:33","slug":"integrantes-comite","status":"publish","type":"page","link":"https:\/\/comitefechadocicloseconomicos.mx\/en\/integrantes-comite\/","title":{"rendered":"Integrantes del comit\u00e9"},"content":{"rendered":"\n<h2>\n\t\tIntegrantes del Comit\u00e9 de Fechado de Ciclos de la Econom\u00eda de M\u00e9xico\n\t<\/h2>\n\t\t\t\t<img decoding=\"async\" src=\"https:\/\/comitefechadocicloseconomicos.mx\/wp-content\/uploads\/2022\/05\/ce_comite__mdlda.png\" alt=\"ce_comite__mdlda\" title=\"ce_comite__mdlda\" itemprop=\"image\"  \/>\n\t<h4>\n\t\t\t\tMar\u00eda de Lourdes Dieck-Assad\n\t\t\t<\/h4>\n\t\t\t\t<img decoding=\"async\" src=\"https:\/\/comitefechadocicloseconomicos.mx\/wp-content\/uploads\/2022\/05\/ce_comite__lfp.png\" alt=\"ce_comite__lfp\" title=\"ce_comite__lfp\" itemprop=\"image\"  \/>\n\t<h4>\n\t\t\t\tLuis Foncerrada Pascal\n\t\t\t<\/h4>\n\t\t\t\t<img decoding=\"async\" src=\"https:\/\/comitefechadocicloseconomicos.mx\/wp-content\/uploads\/2024\/12\/cicloseconomicos_imef_comite_pm.png\" alt=\"cicloseconomicos_imef_comite_pm\" title=\"cicloseconomicos_imef_comite_pm\" itemprop=\"image\"  \/>\n\t<h4>\n\t\t\t\tPablo Mej\u00eda-Reyes\n\t\t\t<\/h4>\n\t\t\t\t<img decoding=\"async\" src=\"https:\/\/comitefechadocicloseconomicos.mx\/wp-content\/uploads\/2022\/05\/ce_comite__gc.png\" alt=\"ce_comite__gc\" title=\"ce_comite__gc\" itemprop=\"image\"  \/>\n\t<h4>\n\t\t\t\tGabriel Casillas\n\t\t\t<\/h4>\n\t\t\t\t<img decoding=\"async\" src=\"https:\/\/comitefechadocicloseconomicos.mx\/wp-content\/uploads\/2022\/05\/ce_comite__jh.png\" alt=\"ce_comite__jh\" title=\"ce_comite__jh\" itemprop=\"image\"  \/>\n\t<h4>\n\t\t\t\tJonathan Heath\n\t\t\t<\/h4>\n\t\t\t\t<img decoding=\"async\" src=\"https:\/\/comitefechadocicloseconomicos.mx\/wp-content\/uploads\/2022\/08\/ce_comite__gl-1008x1024-1.png\" alt=\"ce_comite__gl-1008x1024\" title=\"ce_comite__gl-1008x1024\" itemprop=\"image\"  \/>\n\t<h4>\n\t\t\t\tGerardo Leyva\n\t\t\t<\/h4>\n\t\t\t\t<img decoding=\"async\" src=\"https:\/\/comitefechadocicloseconomicos.mx\/wp-content\/uploads\/2025\/01\/cicloseconomicos_imef_comite_gg.png\" alt=\"cicloseconomicos_imef_comite_gg\" title=\"cicloseconomicos_imef_comite_gg\" itemprop=\"image\"  \/>\n\t<h4>\n\t\t\t\tGabriela Guti\u00e9rrez Mora\n\t\t\t<\/h4>\n\t\t\t\t<img decoding=\"async\" src=\"https:\/\/comitefechadocicloseconomicos.mx\/wp-content\/uploads\/2022\/05\/ce_comite__mdlda-295x300.png\" alt=\"ce_comite__mdlda\" title=\"ce_comite__mdlda\" itemprop=\"image\"  \/>\n\t<h2>Mar\u00eda de Lourdes Dieck-Assad<\/h2>\n<ul>\n<li>Decana em\u00e9rita de la EGADE del Tec de Monterrey y Consultora en temas econ\u00f3micos y de<br \/>\neducaci\u00f3n<\/li>\n<li>Vicepresidenta de Asuntos Hemisf\u00e9ricos y Globales de la Universidad de Miami (2017-2020)<\/li>\n<li>Decana de EGADE Business School, Rectora Escuelas Nacionales de Posgrado EGADE y EGAP,<\/li>\n<li>Decana de las escuelas de Gobierno Ciencias Sociales y Humanidades, en el Tec de Monterrey, (2007-2017)<\/li>\n<li>Embajadora de M\u00e9xico ante B\u00e9lgica y Luxemburgo (2004-2007)<\/li>\n<li>Jefe de la misi\u00f3n de M\u00e9xico ante la Uni\u00f3n Europea (2004-2007)<\/li>\n<li>Coordinadora de asesores secretario de Econom\u00eda y Subsecretaria para asuntos econ\u00f3micos y de cooperaci\u00f3n internacional de la Secretar\u00eda de Relaciones Exteriores, Gobierno de M\u00e9xico, (2002- 2004)<\/li>\n<li>Profesora e investigadora en Econom\u00eda Tec de Monterrey (1992-2017)<\/li>\n<li>Consultora del Banco Mundial (1984-1992)<\/li>\n<li>Research Fellow Brookings Institution (1983-1985)<\/li>\n<li>Professor and Chair of Economics Department, Trinity University, Washington D C. 1984-1992)<\/li>\n<li>Colaboraci\u00f3n con Paul A. Samuelson y William D. Nordhaus en los libros Macroeconom\u00eda con aplicaciones a M\u00e9xico (1998, 2001) y Macroeconom\u00eda con aplicaciones a Am\u00e9rica Latina (2006)<\/li>\n<li>Licenciada en Econom\u00eda, Tec de Monterrey<\/li>\n<li>Maestra en Econom\u00eda, Vanderbilt University<\/li>\n<li>Doctora en Econom\u00eda, University of Texas at Austin<\/li>\n<\/ul>\n<p>Facebook: <a href=\"https:\/\/www.facebook.com\/lourdes.dieck\/\" data-cke-saved-href=\"https:\/\/www.facebook.com\/lourdes.dieck\/\"><b>Lourdes\u00a0Dieck<\/b><\/a><\/p>\n<p>Twitter: <strong><a tabindex=\"-1\" data-cke-saved-href=\"https:\/\/www.facebook.com\/angel.garcialascurainv\">@<\/a><\/strong><a href=\"https:\/\/twitter.com\/lourdesdieck?lang=es\" data-cke-saved-href=\"https:\/\/twitter.com\/lourdesdieck?lang=es\"><strong>lourdesdieck<\/strong><\/a><\/p>\n<p>LinkedIn: <strong><a tabindex=\"-1\" data-cke-saved-href=\"https:\/\/twitter.com\/angelglascurain?lang=es\">L<\/a><\/strong><a href=\"https:\/\/mx.linkedin.com\/in\/lourdes-dieck-assad-946a8714\" data-cke-saved-href=\"https:\/\/mx.linkedin.com\/in\/lourdes-dieck-assad-946a8714\"><strong>ourdes Dieck Assad<\/strong><\/a><\/p>\n\t\t\t\t<img decoding=\"async\" src=\"https:\/\/comitefechadocicloseconomicos.mx\/wp-content\/uploads\/2022\/05\/ce_comite__lfp-295x300.png\" alt=\"ce_comite__lfp\" title=\"ce_comite__lfp\" itemprop=\"image\"  \/>\n\t<h2>Luis Foncerrada Pascal<\/h2>\n<ul>\n<li>Estudio f\u00edsica y econom\u00eda. Doctor en econom\u00eda. Con estudios en UNAM, CIDE, UAM y Princeton.<\/li>\n<li>Director de la Facultad de Econom\u00eda y Negocios en la Universidad Anahuac- Mayab, en M\u00e9rida, Yucat\u00e1n. Desde 2019.<\/li>\n<li>Economista en jefe de la American Chamber de M\u00e9xico Desde 2019<\/li>\n<li>Miembro del Consejo del Centro Mario Molina. Desde 2013.<\/li>\n<li>Director del Centro de Estudios Econ\u00f3micos del Sector Privado, 2008-2018.<\/li>\n<li>Vicerrector General de la UDLA Puebla, y profesor e investigador en CIDE, TEC, ITAM, UNAM, An\u00e1huac y el Colegio de M\u00e9xico. 2003-2008.<\/li>\n<li>Director de capacitaci\u00f3n para oficiales de gobierno y de bancos centrales en los pa\u00edses ex-sovi\u00e9ticos de Asia Central. FMI y Banco Mundial. 2001-2003<\/li>\n<li>C\u00f3nsul General de M\u00e9xico en Mil\u00e1n, Italia. 1997-2001.<\/li>\n<li>Fundador y director del Banco Alianza, adquirido por GE Capital. 1993-1997.<\/li>\n<li>\u00a0En PEMEX, llev\u00f3 a cabo la reestructura de la deuda externa y la estructura financiera de la alianza estrat\u00e9gica con Shell en Deer Park. 1989-1993.<\/li>\n<li>En SHCP, director de Pol\u00edtica Monetaria y Crediticia y de Financiamiento<\/li>\n<li>Externo. Dise\u00f1\u00f3 los Debt to Equity Swaps y los bonos conocidos como Brady Bonds. 1978-1988.<\/li>\n<\/ul>\n<h2><br data-cke-eol=\"1\" \/><\/h2>\n\t\t\t\t<img decoding=\"async\" src=\"https:\/\/comitefechadocicloseconomicos.mx\/wp-content\/uploads\/2024\/12\/cicloseconomicos_imef_comite_pm.png\" alt=\"cicloseconomicos_imef_comite_pm\" title=\"cicloseconomicos_imef_comite_pm\" itemprop=\"image\"  \/>\n\t<h2>Pablo Mej\u00eda-Reyes<\/h2>\n<ul>\n<li>Coordinador del <em>Centro de Investigaci\u00f3n en Ciencias Econ\u00f3micas<\/em> de la Facultad de Econom\u00eda de la <em>Universidad Aut\u00f3noma del Estado de M\u00e9xico<\/em> (UAEM)<\/li>\n<li>Coordinador-Fundador de la <em>Red de Investigaci\u00f3n sobre Fluctuaciones C\u00edclicas y Crecimiento Econ\u00f3mico <\/em>(2012-2019)<\/li>\n<li>Miembro del Sistema Nacional de Investigadores, Nivel 3<\/li>\n<li>Especialista en Macroeconom\u00eda Aplicada, Crecimiento y Ciclos Econ\u00f3micos<\/li>\n<li>Licenciado en Econom\u00eda, <em>Universidad Aut\u00f3noma del Estado de M\u00e9xico<\/em> (UAEM)<\/li>\n<li>Maestro en Econom\u00eda, <em>Centro de Investigaci\u00f3n y Docencia Econ\u00f3micas<\/em> (CIDE)<\/li>\n<li>Doctor en Econom\u00eda, <em>University of Manchester<\/em><\/li>\n<\/ul>\n<p><a tabindex=\"-1\" href=\"http:\/\/economia.uaemex.mx\/CICE\/inv_06.html\" data-cke-saved-href=\"http:\/\/economia.uaemex.mx\/CICE\/inv_06.html\">Sitio de Internet profesional<\/a><\/p>\n<h2><br data-cke-eol=\"1\" \/><\/h2>\n\t\t\t\t<img decoding=\"async\" src=\"https:\/\/comitefechadocicloseconomicos.mx\/wp-content\/uploads\/2022\/05\/ce_comite__gc-295x300.png\" alt=\"ce_comite__gc\" title=\"ce_comite__gc\" itemprop=\"image\"  \/>\n\t<h2>Gabriel Casillas<\/h2>\n<ul>\n<li aria-level=\"1\">Economista en Jefe de Latinoam\u00e9rica en el banco brit\u00e1nico Barclays, en Nueva York.<\/li>\n<li aria-level=\"1\">Fue funcionario del Banco de M\u00e9xico, economista en jefe para M\u00e9xico en los bancos de inversi\u00f3n J.P.Morgan y UBS y hasta hace algunos meses se desempe\u00f1aba como Director General Adjunto de An\u00e1lisis Econ\u00f3mico, Relaci\u00f3n con Inversionistas y Sustentabilidad de Grupo Financiero Banorte.<\/li>\n<li aria-level=\"1\">Es profesor de c\u00e1tedra de la materia de Macroeconom\u00eda Din\u00e1mica en el Tec de Monterrey y ha sido profesor en el ITAM, la Universidad An\u00e1huac y el RiskMathics Institute.<\/li>\n<li aria-level=\"1\">Ha publicado art\u00edculos en revistas especializadas como el Journal of Policy Modeling.<\/li>\n<li aria-level=\"1\">Actualmente es autor de la columna semanal &#8220;Perspectiva Global&#8221; en el peri\u00f3dico El Financiero y miembro permanente del reci\u00e9n creado Comit\u00e9 de Fechado de Ciclos de la Econom\u00eda Mexicana (INEGI\/IMEF) y miembro del grupo de &#8216;l\u00edderes del futuro&#8217; del Instituto Internacional de Finanzas (IIF).<\/li>\n<li aria-level=\"1\">El Dr. Gabriel Casillas es economista egresado del Tecnol\u00f3gico de Monterrey y obtuvo el grado de Doctor en la Universidad de Texas A&amp;M, especializ\u00e1ndose en econometr\u00eda, teor\u00eda monetaria y econom\u00eda de la informaci\u00f3n.<\/li>\n<\/ul>\n<p>&nbsp;<\/p>\n\t\t\t\t<img decoding=\"async\" src=\"https:\/\/comitefechadocicloseconomicos.mx\/wp-content\/uploads\/2022\/05\/ce_comite__jh.png\" alt=\"ce_comite__jh\" title=\"ce_comite__jh\" itemprop=\"image\"  \/>\n\t<h2>Jonathan Heath<\/h2>\n<ul>\n<li>Autor del Indicador IMEF Manufacturero y No Manufacturero, de la Encuesta Mensual de Expectativas IMEF, que existen desde 2004 y 2009, respectivamente.<\/li>\n<li>Autor de los libros &#8220;Lo que Indican los Indicadores: C\u00f3mo utilizar la informaci\u00f3n estad\u00edstica para entender la realidad econ\u00f3mica de M\u00e9xico&#8221;, &#8220;Lecturas en Lo que Indican los Indicadores&#8221; y &#8220;Para Entender: El Banco de M\u00e9xico&#8221;.<\/li>\n<li>Ha sido Economista Principal de M\u00e9xico para varias instituciones financieras globales y consultor\u00edas internacionales.<\/li>\n<li>Actualmente es Subgobernador del Banco de M\u00e9xico (2019-2026)<\/li>\n<\/ul>\nP\u00e1gina web: <strong><a tabindex=\"-1\" href=\"https:\/\/jonathanheath.net\/\" data-cke-saved-href=\"https:\/\/jonathanheath.net\/\">jonathanheath.net<\/a><\/strong><br \/>\nTwitter: <strong><a tabindex=\"-1\" href=\"https:\/\/twitter.com\/JonathanHeath54\" data-cke-saved-href=\"https:\/\/twitter.com\/JonathanHeath54\">@JonathanHeath54<\/a><\/strong>\n\n\t\t\t\t<img decoding=\"async\" src=\"https:\/\/comitefechadocicloseconomicos.mx\/wp-content\/uploads\/2022\/08\/ce_comite__gl-1008x1024-1.png\" alt=\"ce_comite__gl-1008x1024\" title=\"ce_comite__gl-1008x1024\" itemprop=\"image\"  \/>\n\t<h2>Gerardo Leyva Parra<\/h2>\n<ul>\n<li aria-level=\"1\">Coordinador del Laboratorio Interdisciplinario de Encuestas y Datos Sociales (LIEDS) del Instituto de Investigaciones para el Desarrollo con Equidad (EQUIDE), Universidad Iberoamericana.<\/li>\n<li aria-level=\"1\">Economista egresado de la Universidad Aut\u00f3noma de Aguascalientes, tiene una maestr\u00eda en econom\u00eda por el ITAM y otra en ciencia regional por la Cornell University, donde tambi\u00e9n obtuvo su doctorado con especialidad en crecimiento y desarrollo econ\u00f3mico.<\/li>\n<li aria-level=\"1\">Trabaj\u00f3 en el INEGI durante 28 a\u00f1os, donde se desempe\u00f1\u00f3 como analista, asesor de tres presidentes del Instituto, Director de Censos Econ\u00f3micos, Director General Adjunto de Estad\u00edsticas Econ\u00f3micas y Director General Adjunto de Investigaci\u00f3n.<\/li>\n<li aria-level=\"1\">Ha impartido cursos de teor\u00eda econ\u00f3mica en la Universidad Aut\u00f3noma de Aguascalientes, el ITESM y la Universidad Bonaterra.<\/li>\n<li aria-level=\"1\">Es miembro del Comit\u00e9 de Estudios Econ\u00f3micos del IMEF, del Consejo Asesor T\u00e9cnico del CEESP y del Comit\u00e9 de Indicadores ANTAD &#8220;Javier Salas&#8221;.<\/li>\n<li aria-level=\"1\">Fue integrante del Grupo de Expertos en Medici\u00f3n de la Pobreza de la ONU, conocido como Grupo de R\u00edo, y del Comit\u00e9 T\u00e9cnico para la Medici\u00f3n de la Pobreza en M\u00e9xico.<\/li>\n<\/ul>\n\n\t\t\t\t<img decoding=\"async\" src=\"https:\/\/comitefechadocicloseconomicos.mx\/wp-content\/uploads\/2025\/01\/cicloseconomicos_imef_comite_gg.png\" alt=\"cicloseconomicos_imef_comite_gg\" title=\"cicloseconomicos_imef_comite_gg\" itemprop=\"image\"  \/>\n\t<h2>Gabriela Guti\u00e9rrez Mora<\/h2>\n<p><strong>Presidente Nacional del Instituto Mexicano de Ejecutivos de Finanzas 2025<\/strong><\/p>\n<p>Es Directora Zonal de Banca MIFEL en Baja California Sur. Cuenta con 20 a\u00f1os de experiencia profesional en instituciones financieras (BBVA y Banca MIFEL). Es experta en soluciones integrales de desarrollo inmobiliario y en liderazgo de equipos de alto rendimiento, as\u00ed como en manejo de banca de extranjeros, banca patrimonial, de empresas y gobierno, adem\u00e1s de manejo de eventos dirigidos a segmentos financieros con grupos de alta direcci\u00f3n empresarial.<\/p>\n<p>En 2024 presidi\u00f3 el Consejo Nacional de Grupos IMEF y en el periodo 2022-2023 fue presidente del IMEF Grupo Baja California Sur. En los a\u00f1os 2017, 2020 y 2021 fue Tesorera del IMEF Grupo Baja California Sur. Actualmente es integrante del Consejo Editorial del News IMEF, posici\u00f3n que ocupa desde 2023. Es asociada del IMEF desde el a\u00f1o 2014.<\/p>\n<p><strong>Otras actividades:<\/strong><\/p>\n<p>Es Presidenta Nacional de Finanzas de la Asociaci\u00f3n Mexicana de Mujeres Empresarias (AMEXME) 2024-2027, organismo en el cual fue vicepresidenta del Cap\u00edtulo Los Cabos durante el periodo 2021-2023. Es conferencista de temas sobre educaci\u00f3n financiera y liderazgo dirigidas a j\u00f3venes universitarios, grupos de mujeres e instituciones educativas (p\u00fablicas y privadas).<\/p>\nParticipa como articulista de negocios y finanzas en diversas revistas, como: Land &amp; Building, News IMEF, Mundo Ejecutivo BCS y Cabo Business Class Magazine<br \/>\nEs comentarista financiera en Noticiero Cabo Mil (lunes 08:50 horas) y es coautora de los libros:\n<em>\u2022 Mariposas de la mitad del mundo (mujeres ecuatorianas exitosas en M\u00e9xico)<\/em><br \/>\n<em>\u2022 De cero al \u00e9xito: Liderazgo de equipos de alto rendimiento<\/em>\n<p>Es Licenciada en Relaciones P\u00fablicas y Comunicaci\u00f3n por la Universidad UDET, de Quito, Ecuador, Sigui\u00f3 el Programa de Alta Direcci\u00f3n del IPADE y est\u00e1 certificada como Asesor de Inversi\u00f3n por parte de la Bolsa Mexicana de Valores.<\/p>\n<p><strong>Correos electr\u00f3nicos: <a href=\"mailto:presidentenacionalimef@imef.org.mx\">presidentenacionalimef@imef.org.mx<\/a>\u00a0<\/strong><\/p>\n<p><strong>Contacto:<\/strong> Stephanie Tinajero<strong> <a href=\"mailto:stinajero@imef.org.mx\">stinajero@imef.org.mx<\/a><\/strong><\/p>\n<p><strong>Tel. directo<\/strong> 55 91 51 51 03<\/p>\n<p><strong>Redes sociales institucionales:<\/strong> @IMEF Oficial<\/p>\n<p><strong>Web: <a href=\"https:\/\/www.imef.org.mx\/\">www.imef.org.mx<\/a><\/strong><\/p>\n\n","protected":false},"excerpt":{"rendered":"<p>Integrantes del Comit\u00e9 de Fechado de Ciclos de la Econom\u00eda de M\u00e9xico Mar\u00eda de Lourdes Dieck-Assad Luis Foncerrada Pascal Pablo Mej\u00eda-Reyes Gabriel Casillas Jonathan Heath Gerardo Leyva Gabriela Guti\u00e9rrez Mora Mar\u00eda de Lourdes Dieck-Assad Decana em\u00e9rita de la EGADE del Tec de Monterrey y Consultora en temas econ\u00f3micos y de educaci\u00f3n Vicepresidenta de Asuntos Hemisf\u00e9ricos [&hellip;]<\/p>\n","protected":false},"author":1,"featured_media":0,"parent":0,"menu_order":0,"comment_status":"closed","ping_status":"closed","template":"","meta":{"site-sidebar-layout":"default","site-content-layout":"","ast-site-content-layout":"default","site-content-style":"default","site-sidebar-style":"default","ast-global-header-display":"","ast-banner-title-visibility":"","ast-main-header-display":"","ast-hfb-above-header-display":"","ast-hfb-below-header-display":"","ast-hfb-mobile-header-display":"","site-post-title":"disabled","ast-breadcrumbs-content":"","ast-featured-img":"","footer-sml-layout":"","ast-disable-related-posts":"","theme-transparent-header-meta":"","adv-header-id-meta":"","stick-header-meta":"","header-above-stick-meta":"","header-main-stick-meta":"","header-below-stick-meta":"","astra-migrate-meta-layouts":"set","ast-page-background-enabled":"default","ast-page-background-meta":{"desktop":{"background-color":"","background-image":"","background-repeat":"repeat","background-position":"center center","background-size":"auto","background-attachment":"scroll","background-type":"","background-media":"","overlay-type":"","overlay-color":"","overlay-opacity":"","overlay-gradient":""},"tablet":{"background-color":"","background-image":"","background-repeat":"repeat","background-position":"center center","background-size":"auto","background-attachment":"scroll","background-type":"","background-media":"","overlay-type":"","overlay-color":"","overlay-opacity":"","overlay-gradient":""},"mobile":{"background-color":"","background-image":"","background-repeat":"repeat","background-position":"center center","background-size":"auto","background-attachment":"scroll","background-type":"","background-media":"","overlay-type":"","overlay-color":"","overlay-opacity":"","overlay-gradient":""}},"ast-content-background-meta":{"desktop":{"background-color":"var(--ast-global-color-5)","background-image":"","background-repeat":"repeat","background-position":"center center","background-size":"auto","background-attachment":"scroll","background-type":"","background-media":"","overlay-type":"","overlay-color":"","overlay-opacity":"","overlay-gradient":""},"tablet":{"background-color":"var(--ast-global-color-5)","background-image":"","background-repeat":"repeat","background-position":"center center","background-size":"auto","background-attachment":"scroll","background-type":"","background-media":"","overlay-type":"","overlay-color":"","overlay-opacity":"","overlay-gradient":""},"mobile":{"background-color":"var(--ast-global-color-5)","background-image":"","background-repeat":"repeat","background-position":"center center","background-size":"auto","background-attachment":"scroll","background-type":"","background-media":"","overlay-type":"","overlay-color":"","overlay-opacity":"","overlay-gradient":""}},"footnotes":""},"class_list":["post-683","page","type-page","status-publish","hentry"],"_links":{"self":[{"href":"https:\/\/comitefechadocicloseconomicos.mx\/en\/wp-json\/wp\/v2\/pages\/683","targetHints":{"allow":["GET"]}}],"collection":[{"href":"https:\/\/comitefechadocicloseconomicos.mx\/en\/wp-json\/wp\/v2\/pages"}],"about":[{"href":"https:\/\/comitefechadocicloseconomicos.mx\/en\/wp-json\/wp\/v2\/types\/page"}],"author":[{"embeddable":true,"href":"https:\/\/comitefechadocicloseconomicos.mx\/en\/wp-json\/wp\/v2\/users\/1"}],"replies":[{"embeddable":true,"href":"https:\/\/comitefechadocicloseconomicos.mx\/en\/wp-json\/wp\/v2\/comments?post=683"}],"version-history":[{"count":15,"href":"https:\/\/comitefechadocicloseconomicos.mx\/en\/wp-json\/wp\/v2\/pages\/683\/revisions"}],"predecessor-version":[{"id":765,"href":"https:\/\/comitefechadocicloseconomicos.mx\/en\/wp-json\/wp\/v2\/pages\/683\/revisions\/765"}],"wp:attachment":[{"href":"https:\/\/comitefechadocicloseconomicos.mx\/en\/wp-json\/wp\/v2\/media?parent=683"}],"curies":[{"name":"wp","href":"https:\/\/api.w.org\/{rel}","templated":true}]}}